{"id":340,"date":"2018-02-02T18:05:07","date_gmt":"2018-02-02T17:05:07","guid":{"rendered":"http:\/\/www.pizzeriacaffelelogge.it\/cantina\/"},"modified":"2018-10-03T12:46:06","modified_gmt":"2018-10-03T10:46:06","slug":"wine-bar","status":"publish","type":"page","link":"https:\/\/www.pizzeriacaffelelogge.it\/en\/wine-bar\/","title":{"rendered":"Wine Bar"},"content":{"rendered":"<p><img decoding=\"async\" loading=\"lazy\" class=\"size-full wp-image-414 alignright\" style=\"float: right; padding-left: 20px; padding-top: 20px;\" src=\"https:\/\/www.pizzeriacaffelelogge.it\/wp-content\/uploads\/2018\/05\/cantina-1.jpg\" alt=\"\" width=\"400\" height=\"240\" srcset=\"https:\/\/www.pizzeriacaffelelogge.it\/wp-content\/uploads\/2018\/05\/cantina-1.jpg 400w, https:\/\/www.pizzeriacaffelelogge.it\/wp-content\/uploads\/2018\/05\/cantina-1-300x180.jpg 300w\" sizes=\"(max-width: 400px) 100vw, 400px\" \/><\/p>\n<span><span><a href=\"https:\/\/www.pizzeriacaffelelogge.it\/en\/\">Home<\/a><\/span><\/span>\n<p>With more than <strong>300 labels of the greatest and most famous Italian wineries<\/strong>, the Caff\u00e8 Le Logge winery offers a wide range of white, red and ros\u00e9 wines.<\/p>\n<p>All the labels have been personally chosen by the owners and are suggested together with the dishes served during lunch or dinner or even to accompany a snack, to better enjoy a quick bite when the kitchen is closed or as an aperitif.<\/p>\n<p>Caff\u00e8 Le Logge also offers its guests tastings in the glass, to discover wines that are difficult to find in retail shops.<\/p>\n<p>The <strong>winery in Greve In Chianti<\/strong> is a one-stop caf\u00e9 with diverse choices to make without requiring moving places is one of the motives of the owners who aim to provide a complete food package to the guests. The scrumptious food, crusty pizza, and a <strong>wine bar <\/strong>with an opportunity of <strong>tasting wine<\/strong> that cannot be found at regular retail stores are not just unique but also deserve to be standing high in the competition for the coming years.<\/p>\n<div style=\"padding-top: 80px;\">\n\t\t<div style=\"clear:both\"><\/div>\n\t\t<div class=\"psgal_wrap\">\n\t\t\t<div id=\"psgal_340_1\" data-psgal_id=\"340_1\" data-psgal_container_id=\"container_340_1\" data-psgal_thumbnail_width=\"300\" data-psgal_use_masonary=\"0\" class=\"psgal-inline psgal gallery-columns-3 gallery-size-thumbnail use_masonry_ show_captions_1\" itemscope itemtype=\"http:\/\/schema.org\/ImageGallery\">\n\t\t\t\t\t\t\t\t\t\t<figure class=\"msnry_items\" itemscope itemtype=\"http:\/\/schema.org\/ImageObject\" style=\"width:300px;\">\n\t\t\t\t\t\t\t<a href=\"https:\/\/www.pizzeriacaffelelogge.it\/wp-content\/uploads\/2018\/05\/Logge15.jpg\" itemprop=\"contentUrl\" data-size=\"800x480\" data-caption=\"\" style=\"height:174px;\">\n\t\t\t\t\t\t\t\t<img class=\"msnry_thumb\" src=\"https:\/\/www.pizzeriacaffelelogge.it\/wp-content\/uploads\/2018\/05\/Logge15-300x180.jpg\" itemprop=\"thumbnail\" alt=\"\" \/>\n\t\t\t\t\t\t\t<\/a>\n\t\t\t\t\t\t\t\t\t\t\t\t\t\t<figcaption class=\"photoswipe-gallery-caption\" style=\" \"><\/figcaption>\n\n\t\t\t\t\t\t<\/figure>\n\t\t\t\t\t\t\t\t\t\t<figure class=\"msnry_items\" itemscope itemtype=\"http:\/\/schema.org\/ImageObject\" style=\"width:300px;\">\n\t\t\t\t\t\t\t<a href=\"https:\/\/www.pizzeriacaffelelogge.it\/wp-content\/uploads\/2018\/05\/Logge20.jpg\" itemprop=\"contentUrl\" data-size=\"800x480\" data-caption=\"\" style=\"height:174px;\">\n\t\t\t\t\t\t\t\t<img class=\"msnry_thumb\" src=\"https:\/\/www.pizzeriacaffelelogge.it\/wp-content\/uploads\/2018\/05\/Logge20-300x180.jpg\" itemprop=\"thumbnail\" alt=\"\" \/>\n\t\t\t\t\t\t\t<\/a>\n\t\t\t\t\t\t\t\t\t\t\t\t\t\t<figcaption class=\"photoswipe-gallery-caption\" style=\" \"><\/figcaption>\n\n\t\t\t\t\t\t<\/figure>\n\t\t\t\t\t\t\t\t\t\t<figure class=\"msnry_items\" itemscope itemtype=\"http:\/\/schema.org\/ImageObject\" style=\"width:300px;\">\n\t\t\t\t\t\t\t<a href=\"https:\/\/www.pizzeriacaffelelogge.it\/wp-content\/uploads\/2018\/05\/Logge25.jpg\" itemprop=\"contentUrl\" data-size=\"800x480\" data-caption=\"\" style=\"height:174px;\">\n\t\t\t\t\t\t\t\t<img class=\"msnry_thumb\" src=\"https:\/\/www.pizzeriacaffelelogge.it\/wp-content\/uploads\/2018\/05\/Logge25-300x180.jpg\" itemprop=\"thumbnail\" alt=\"\" \/>\n\t\t\t\t\t\t\t<\/a>\n\t\t\t\t\t\t\t\t\t\t\t\t\t\t<figcaption class=\"photoswipe-gallery-caption\" style=\" \"><\/figcaption>\n\n\t\t\t\t\t\t<\/figure>\n\t\t\t\t\t\t\t<\/div>\n\t\t<\/div>\n\t\t<div style='clear:both'><\/div>\n\n<\/div>\n","protected":false},"excerpt":{"rendered":"<p>With more than 300 labels of the greatest and most famous Italian wineries, the Caff\u00e8 Le Logge winery offers a wide range of white, red and ros\u00e9 wines. All the labels have been personally chosen by the owners and are &hellip; <a href=\"https:\/\/www.pizzeriacaffelelogge.it\/en\/wine-bar\/\">Continue reading <span class=\"meta-nav\">&rarr;<\/span><\/a><\/p>\n","protected":false},"author":1,"featured_media":259,"parent":0,"menu_order":0,"comment_status":"closed","ping_status":"closed","template":"","meta":{"inline_featured_image":false},"yoast_head":"<!-- This site is optimized with the Yoast SEO plugin v19.13 - https:\/\/yoast.com\/wordpress\/plugins\/seo\/ -->\n<title>Wine Bar in Greve in Chianti - Caff\u00e8 Le Logge<\/title>\n<meta name=\"description\" content=\"With more than 300 labels of the greatest and most famous Italian wineries, the Caff\u00e8 Le Logge winery offers a wide range of white, red and ros\u00e9 wines.\" \/>\n<meta name=\"robots\" content=\"index, follow, max-snippet:-1, max-image-preview:large, max-video-preview:-1\" \/>\n<link rel=\"canonical\" href=\"https:\/\/www.pizzeriacaffelelogge.it\/en\/wine-bar\/\" \/>\n<meta property=\"og:locale\" content=\"en_US\" \/>\n<meta property=\"og:type\" content=\"article\" \/>\n<meta property=\"og:title\" content=\"Wine Bar in Greve in Chianti - Caff\u00e8 Le Logge\" \/>\n<meta property=\"og:description\" content=\"With more than 300 labels of the greatest and most famous Italian wineries, the Caff\u00e8 Le Logge winery offers a wide range of white, red and ros\u00e9 wines.\" \/>\n<meta property=\"og:url\" content=\"https:\/\/www.pizzeriacaffelelogge.it\/en\/wine-bar\/\" \/>\n<meta property=\"og:site_name\" content=\"Caff\u00e8 Le Logge\" \/>\n<meta property=\"article:publisher\" content=\"https:\/\/www.facebook.com\/caffelelogge\/\" \/>\n<meta property=\"article:modified_time\" content=\"2018-10-03T10:46:06+00:00\" \/>\n<meta property=\"og:image\" content=\"https:\/\/www.pizzeriacaffelelogge.it\/wp-content\/uploads\/2018\/02\/header-cantina.jpg\" \/>\n\t<meta property=\"og:image:width\" content=\"1140\" \/>\n\t<meta property=\"og:image:height\" content=\"565\" \/>\n\t<meta property=\"og:image:type\" content=\"image\/jpeg\" \/>\n<meta name=\"twitter:card\" content=\"summary_large_image\" \/>\n<meta name=\"twitter:label1\" content=\"Est. reading time\" \/>\n\t<meta name=\"twitter:data1\" content=\"1 minute\" \/>\n<script type=\"application\/ld+json\" class=\"yoast-schema-graph\">{\"@context\":\"https:\/\/schema.org\",\"@graph\":[{\"@type\":\"WebPage\",\"@id\":\"https:\/\/www.pizzeriacaffelelogge.it\/en\/wine-bar\/\",\"url\":\"https:\/\/www.pizzeriacaffelelogge.it\/en\/wine-bar\/\",\"name\":\"Wine Bar in Greve in Chianti - Caff\u00e8 Le Logge\",\"isPartOf\":{\"@id\":\"https:\/\/www.pizzeriacaffelelogge.it\/en\/#website\"},\"datePublished\":\"2018-02-02T17:05:07+00:00\",\"dateModified\":\"2018-10-03T10:46:06+00:00\",\"description\":\"With more than 300 labels of the greatest and most famous Italian wineries, the Caff\u00e8 Le Logge winery offers a wide range of white, red and ros\u00e9 wines.\",\"breadcrumb\":{\"@id\":\"https:\/\/www.pizzeriacaffelelogge.it\/en\/wine-bar\/#breadcrumb\"},\"inLanguage\":\"en-US\",\"potentialAction\":[{\"@type\":\"ReadAction\",\"target\":[\"https:\/\/www.pizzeriacaffelelogge.it\/en\/wine-bar\/\"]}]},{\"@type\":\"BreadcrumbList\",\"@id\":\"https:\/\/www.pizzeriacaffelelogge.it\/en\/wine-bar\/#breadcrumb\",\"itemListElement\":[{\"@type\":\"ListItem\",\"position\":1,\"name\":\"Home\",\"item\":\"https:\/\/www.pizzeriacaffelelogge.it\/en\/\"},{\"@type\":\"ListItem\",\"position\":2,\"name\":\"Wine Bar\"}]},{\"@type\":\"WebSite\",\"@id\":\"https:\/\/www.pizzeriacaffelelogge.it\/en\/#website\",\"url\":\"https:\/\/www.pizzeriacaffelelogge.it\/en\/\",\"name\":\"Caff\u00e8 Le Logge\",\"description\":\"Caff\u00e9, Pizzeria e Ristorante nel cuore di Greve in Chianti\",\"publisher\":{\"@id\":\"https:\/\/www.pizzeriacaffelelogge.it\/en\/#organization\"},\"potentialAction\":[{\"@type\":\"SearchAction\",\"target\":{\"@type\":\"EntryPoint\",\"urlTemplate\":\"https:\/\/www.pizzeriacaffelelogge.it\/en\/?s={search_term_string}\"},\"query-input\":\"required name=search_term_string\"}],\"inLanguage\":\"en-US\"},{\"@type\":\"Organization\",\"@id\":\"https:\/\/www.pizzeriacaffelelogge.it\/en\/#organization\",\"name\":\"Bar Ristorante Pizzeria Caff\u00e8 le Logge\",\"url\":\"https:\/\/www.pizzeriacaffelelogge.it\/en\/\",\"logo\":{\"@type\":\"ImageObject\",\"inLanguage\":\"en-US\",\"@id\":\"https:\/\/www.pizzeriacaffelelogge.it\/en\/#\/schema\/logo\/image\/\",\"url\":\"https:\/\/www.pizzeriacaffelelogge.it\/wp-content\/uploads\/2018\/02\/cropped-logo-caffe-le-logge.png\",\"contentUrl\":\"https:\/\/www.pizzeriacaffelelogge.it\/wp-content\/uploads\/2018\/02\/cropped-logo-caffe-le-logge.png\",\"width\":512,\"height\":512,\"caption\":\"Bar Ristorante Pizzeria Caff\u00e8 le Logge\"},\"image\":{\"@id\":\"https:\/\/www.pizzeriacaffelelogge.it\/en\/#\/schema\/logo\/image\/\"},\"sameAs\":[\"https:\/\/www.instagram.com\/caffelelogge\/\",\"https:\/\/www.facebook.com\/caffelelogge\/\"]}]}<\/script>\n<!-- \/ Yoast SEO plugin. -->","yoast_head_json":{"title":"Wine Bar in Greve in Chianti - Caff\u00e8 Le Logge","description":"With more than 300 labels of the greatest and most famous Italian wineries, the Caff\u00e8 Le Logge winery offers a wide range of white, red and ros\u00e9 wines.","robots":{"index":"index","follow":"follow","max-snippet":"max-snippet:-1","max-image-preview":"max-image-preview:large","max-video-preview":"max-video-preview:-1"},"canonical":"https:\/\/www.pizzeriacaffelelogge.it\/en\/wine-bar\/","og_locale":"en_US","og_type":"article","og_title":"Wine Bar in Greve in Chianti - Caff\u00e8 Le Logge","og_description":"With more than 300 labels of the greatest and most famous Italian wineries, the Caff\u00e8 Le Logge winery offers a wide range of white, red and ros\u00e9 wines.","og_url":"https:\/\/www.pizzeriacaffelelogge.it\/en\/wine-bar\/","og_site_name":"Caff\u00e8 Le Logge","article_publisher":"https:\/\/www.facebook.com\/caffelelogge\/","article_modified_time":"2018-10-03T10:46:06+00:00","og_image":[{"width":1140,"height":565,"url":"https:\/\/www.pizzeriacaffelelogge.it\/wp-content\/uploads\/2018\/02\/header-cantina.jpg","type":"image\/jpeg"}],"twitter_card":"summary_large_image","twitter_misc":{"Est. reading time":"1 minute"},"schema":{"@context":"https:\/\/schema.org","@graph":[{"@type":"WebPage","@id":"https:\/\/www.pizzeriacaffelelogge.it\/en\/wine-bar\/","url":"https:\/\/www.pizzeriacaffelelogge.it\/en\/wine-bar\/","name":"Wine Bar in Greve in Chianti - Caff\u00e8 Le Logge","isPartOf":{"@id":"https:\/\/www.pizzeriacaffelelogge.it\/en\/#website"},"datePublished":"2018-02-02T17:05:07+00:00","dateModified":"2018-10-03T10:46:06+00:00","description":"With more than 300 labels of the greatest and most famous Italian wineries, the Caff\u00e8 Le Logge winery offers a wide range of white, red and ros\u00e9 wines.","breadcrumb":{"@id":"https:\/\/www.pizzeriacaffelelogge.it\/en\/wine-bar\/#breadcrumb"},"inLanguage":"en-US","potentialAction":[{"@type":"ReadAction","target":["https:\/\/www.pizzeriacaffelelogge.it\/en\/wine-bar\/"]}]},{"@type":"BreadcrumbList","@id":"https:\/\/www.pizzeriacaffelelogge.it\/en\/wine-bar\/#breadcrumb","itemListElement":[{"@type":"ListItem","position":1,"name":"Home","item":"https:\/\/www.pizzeriacaffelelogge.it\/en\/"},{"@type":"ListItem","position":2,"name":"Wine Bar"}]},{"@type":"WebSite","@id":"https:\/\/www.pizzeriacaffelelogge.it\/en\/#website","url":"https:\/\/www.pizzeriacaffelelogge.it\/en\/","name":"Caff\u00e8 Le Logge","description":"Caff\u00e9, Pizzeria e Ristorante nel cuore di Greve in Chianti","publisher":{"@id":"https:\/\/www.pizzeriacaffelelogge.it\/en\/#organization"},"potentialAction":[{"@type":"SearchAction","target":{"@type":"EntryPoint","urlTemplate":"https:\/\/www.pizzeriacaffelelogge.it\/en\/?s={search_term_string}"},"query-input":"required name=search_term_string"}],"inLanguage":"en-US"},{"@type":"Organization","@id":"https:\/\/www.pizzeriacaffelelogge.it\/en\/#organization","name":"Bar Ristorante Pizzeria Caff\u00e8 le Logge","url":"https:\/\/www.pizzeriacaffelelogge.it\/en\/","logo":{"@type":"ImageObject","inLanguage":"en-US","@id":"https:\/\/www.pizzeriacaffelelogge.it\/en\/#\/schema\/logo\/image\/","url":"https:\/\/www.pizzeriacaffelelogge.it\/wp-content\/uploads\/2018\/02\/cropped-logo-caffe-le-logge.png","contentUrl":"https:\/\/www.pizzeriacaffelelogge.it\/wp-content\/uploads\/2018\/02\/cropped-logo-caffe-le-logge.png","width":512,"height":512,"caption":"Bar Ristorante Pizzeria Caff\u00e8 le Logge"},"image":{"@id":"https:\/\/www.pizzeriacaffelelogge.it\/en\/#\/schema\/logo\/image\/"},"sameAs":["https:\/\/www.instagram.com\/caffelelogge\/","https:\/\/www.facebook.com\/caffelelogge\/"]}]}},"_links":{"self":[{"href":"https:\/\/www.pizzeriacaffelelogge.it\/en\/wp-json\/wp\/v2\/pages\/340"}],"collection":[{"href":"https:\/\/www.pizzeriacaffelelogge.it\/en\/wp-json\/wp\/v2\/pages"}],"about":[{"href":"https:\/\/www.pizzeriacaffelelogge.it\/en\/wp-json\/wp\/v2\/types\/page"}],"author":[{"embeddable":true,"href":"https:\/\/www.pizzeriacaffelelogge.it\/en\/wp-json\/wp\/v2\/users\/1"}],"replies":[{"embeddable":true,"href":"https:\/\/www.pizzeriacaffelelogge.it\/en\/wp-json\/wp\/v2\/comments?post=340"}],"version-history":[{"count":11,"href":"https:\/\/www.pizzeriacaffelelogge.it\/en\/wp-json\/wp\/v2\/pages\/340\/revisions"}],"predecessor-version":[{"id":668,"href":"https:\/\/www.pizzeriacaffelelogge.it\/en\/wp-json\/wp\/v2\/pages\/340\/revisions\/668"}],"wp:featuredmedia":[{"embeddable":true,"href":"https:\/\/www.pizzeriacaffelelogge.it\/en\/wp-json\/wp\/v2\/media\/259"}],"wp:attachment":[{"href":"https:\/\/www.pizzeriacaffelelogge.it\/en\/wp-json\/wp\/v2\/media?parent=340"}],"curies":[{"name":"wp","href":"https:\/\/api.w.org\/{rel}","templated":true}]}}